{"id":181,"date":"2021-06-16T08:46:35","date_gmt":"2021-06-16T08:46:35","guid":{"rendered":"https:\/\/atomic-temporary-240608346.wpcomstaging.com\/?page_id=181"},"modified":"2025-11-08T02:31:19","modified_gmt":"2025-11-08T01:31:19","slug":"haz-tu-pedido","status":"publish","type":"page","link":"https:\/\/dapinopamplona.es\/en\/haz-tu-pedido\/","title":{"rendered":"Place Your Order!"},"content":{"rendered":"<h2>At <span style=\"color: #2f4f4f;\"><em>Da Pino<\/em><\/span> we prepare your food with the same care and quality as we serve in our restaurant.<\/h2>\n<h3><span style=\"color: #b87333;\">FLAVOR<\/span><\/h3>\n<p>We take you to Italy through its gastronomy \u2014 an experience you don\u2019t just eat, you live!<\/p>\n<h3><span style=\"color: #b87333;\">CALIDAD<\/span><\/h3>\n<p>We work with fresh, carefully selected ingredients, bringing out the essence of traditional Italian cuisine in every dish.<\/p>\n<h3><span style=\"color: #b87333;\">WARMTH<\/span><\/h3>\n<p>Thanks to our specialized packaging, your food will arrive hot and in perfect condition \u2014 ready to enjoy.<\/p>\n<h3><span style=\"color: #b87333;\">SPEED<\/span><\/h3>\n<p>We prepare your order as quickly as possible. All you have to do is stop by to pick it up\u2026 and savor it!<\/p>\n<h2 style=\"text-align: center;\"><strong>\u00bfC\u00f3mo hacer tu pedido?<\/strong><\/h2>\n<h3 style=\"text-align: center;\"><span style=\"color: #b87333;\"><a style=\"color: #b87333;\" href=\"https:\/\/grkrkthleko8rdawhsxax8hu4xgvgpia.delivery.pienissimo.pro\/menu\"><strong>HAZ CLIC AQU\u00cd<\/strong><\/a><\/span><\/h3>\n<p style=\"text-align: center;\"><strong>Realiza tu pedido y rec\u00f3gelo en el restaurante.<\/strong><br \/>\nWe prepare your meal especially for you, <strong>ready to enjoy as soon as you come to collect it.<\/strong><\/p>","protected":false},"excerpt":{"rendered":"<p>En Da Pino preparamos tu comida con el mismo cari\u00f1o y calidad que servimos en nuestro restaurante SABOR Te llevamos a Italia a trav\u00e9s de su gastronom\u00eda: una experiencia que no solo se come, \u00a1se vive! CALIDAD Trabajamos con ingredientes frescos y seleccionados, reflejando en cada plato la esencia de la cocina tradicional italiana. CALOR [&hellip;]<\/p>\n","protected":false},"author":1,"featured_media":0,"parent":0,"menu_order":0,"comment_status":"closed","ping_status":"closed","template":"","meta":{"_crdt_document":"","advanced_seo_description":"","jetpack_seo_html_title":"","jetpack_seo_noindex":false,"footnotes":""},"class_list":["post-181","page","type-page","status-publish","hentry"],"jetpack_likes_enabled":true,"jetpack_sharing_enabled":true,"jetpack_shortlink":"https:\/\/wp.me\/PghzdM-2V","jetpack-related-posts":[],"_links":{"self":[{"href":"https:\/\/dapinopamplona.es\/en\/wp-json\/wp\/v2\/pages\/181","targetHints":{"allow":["GET"]}}],"collection":[{"href":"https:\/\/dapinopamplona.es\/en\/wp-json\/wp\/v2\/pages"}],"about":[{"href":"https:\/\/dapinopamplona.es\/en\/wp-json\/wp\/v2\/types\/page"}],"author":[{"embeddable":true,"href":"https:\/\/dapinopamplona.es\/en\/wp-json\/wp\/v2\/users\/1"}],"replies":[{"embeddable":true,"href":"https:\/\/dapinopamplona.es\/en\/wp-json\/wp\/v2\/comments?post=181"}],"version-history":[{"count":10,"href":"https:\/\/dapinopamplona.es\/en\/wp-json\/wp\/v2\/pages\/181\/revisions"}],"predecessor-version":[{"id":998,"href":"https:\/\/dapinopamplona.es\/en\/wp-json\/wp\/v2\/pages\/181\/revisions\/998"}],"wp:attachment":[{"href":"https:\/\/dapinopamplona.es\/en\/wp-json\/wp\/v2\/media?parent=181"}],"curies":[{"name":"wp","href":"https:\/\/api.w.org\/{rel}","templated":true}]}}