{"id":964,"date":"2025-11-07T21:02:08","date_gmt":"2025-11-07T20:02:08","guid":{"rendered":"https:\/\/dapinopamplona.es\/?page_id=964"},"modified":"2025-11-08T02:36:44","modified_gmt":"2025-11-08T01:36:44","slug":"contacto-2","status":"publish","type":"page","link":"https:\/\/dapinopamplona.es\/en\/contacto-2\/","title":{"rendered":"Contact"},"content":{"rendered":"<p class=\"wp-block-paragraph\">Do you have any questions or want to book a table?<br>We\u2019re here to help you. Write to us or give us a call \u2014 we\u2019ll get back to you as soon as possible!<\/p>\n\n\n\n<figure class=\"wp-block-image size-large\"><img data-recalc-dims=\"1\" loading=\"lazy\" decoding=\"async\" width=\"1600\" height=\"1200\" data-attachment-id=\"441\" data-permalink=\"https:\/\/dapinopamplona.es\/en\/trattoria-da-pino\/\" data-orig-file=\"https:\/\/i0.wp.com\/dapinopamplona.es\/wp-content\/uploads\/2025\/02\/233d7-trattoria-da-pino.jpeg?fit=1600%2C1200&amp;ssl=1\" data-orig-size=\"1600,1200\" data-comments-opened=\"1\" data-image-meta=\"{&quot;aperture&quot;:&quot;0&quot;,&quot;credit&quot;:&quot;&quot;,&quot;camera&quot;:&quot;&quot;,&quot;caption&quot;:&quot;&quot;,&quot;created_timestamp&quot;:&quot;0&quot;,&quot;copyright&quot;:&quot;&quot;,&quot;focal_length&quot;:&quot;0&quot;,&quot;iso&quot;:&quot;0&quot;,&quot;shutter_speed&quot;:&quot;0&quot;,&quot;title&quot;:&quot;&quot;,&quot;orientation&quot;:&quot;0&quot;}\" data-image-title=\"Trattoria da pino\" data-image-description=\"\" data-image-caption=\"\" data-large-file=\"https:\/\/i0.wp.com\/dapinopamplona.es\/wp-content\/uploads\/2025\/02\/233d7-trattoria-da-pino.jpeg?fit=1024%2C768&amp;ssl=1\" src=\"https:\/\/i0.wp.com\/dapinopamplona.es\/wp-content\/uploads\/2025\/02\/233d7-trattoria-da-pino.jpeg?resize=1600%2C1200&#038;ssl=1\" alt=\"Trattoria da pino\" class=\"wp-image-441\"\/><\/figure>\n\n\n\n<h2 class=\"wp-block-heading\">Where we are<\/h2>\n\n\n\n<p class=\"wp-block-paragraph\"><a href=\"https:\/\/www.google.com\/maps\/place\/Trattoria+Pizzeria+Da+Pino\/@42.8087967,-1.6694153,17z\/data=!3m1!4b1!4m6!3m5!1s0xd50932ed3597bbf:0xd44e6b47065dd6aa!8m2!3d42.8087928!4d-1.6668404!16s%2Fg%2F11fsznj639?entry=ttu&amp;g_ep=EgoyMDI1MTEwNC4xIKXMDSoASAFQAw%3D%3D\">\ud83d\udccd C. Pedro Mal\u00f3n de Chaide, 11 \u2013 31008 Pamplona (Navarra)<\/a><\/p>\n\n\n\n<h2 class=\"wp-block-heading\"><strong>Hours:<\/strong><\/h2>\n\n\n\n<p class=\"wp-block-paragraph\"><strong>Lunes \u2013 Martes<\/strong>\u00a012:00-16:30 \/ 18:30-22:30<br><strong>Mi\u00e9rcoles\u00a0<\/strong>\u00a0\u2013 Cerrado<br><strong>Jueves <\/strong>12:00-17:00 \/ 18:30-23:00<br><strong>Viernes \u2013 S\u00e1bado<\/strong>\u00a012:00-17:00 \/ 18:30-00:00<br><strong>Domingo<\/strong>\u00a012:00-17:00 \/ 18:30-23:00<\/p>\n\n\n\n<p class=\"wp-block-paragraph\"><\/p>\n\n\n\n<p class=\"wp-block-paragraph\">\ud83d\udcde <strong>Phone<\/strong> 645 27 15 27<\/p>\n\n\n\n<p class=\"wp-block-paragraph\"><\/p>","protected":false},"excerpt":{"rendered":"<p>\u00bfTienes alguna duda o quieres reservar una mesa?Estamos aqu\u00ed para ayudarte. Escr\u00edbenos o ll\u00e1manos, \u00a1te responderemos lo antes posible! D\u00f3nde estamos \ud83d\udccd C. Pedro Mal\u00f3n de Chaide, 11 \u2013 31008 Pamplona (Navarra) Horario: Lunes \u2013 Martes\u00a012:00-16:30 \/ 18:30-22:30Mi\u00e9rcoles\u00a0\u00a0\u2013 CerradoJueves 12:00-17:00 \/ 18:30-23:00Viernes \u2013 S\u00e1bado\u00a012:00-17:00 \/ 18:30-00:00Domingo\u00a012:00-17:00 \/ 18:30-23:00 \ud83d\udcde Tel\u00e9fono: 645 27 15 27<\/p>","protected":false},"author":273162242,"featured_media":0,"parent":0,"menu_order":0,"comment_status":"closed","ping_status":"closed","template":"","meta":{"_crdt_document":"","advanced_seo_description":"","jetpack_seo_html_title":"","jetpack_seo_noindex":false,"footnotes":""},"class_list":["post-964","page","type-page","status-publish","hentry"],"jetpack_likes_enabled":true,"jetpack_sharing_enabled":true,"jetpack_shortlink":"https:\/\/wp.me\/PghzdM-fy","jetpack-related-posts":[],"_links":{"self":[{"href":"https:\/\/dapinopamplona.es\/en\/wp-json\/wp\/v2\/pages\/964","targetHints":{"allow":["GET"]}}],"collection":[{"href":"https:\/\/dapinopamplona.es\/en\/wp-json\/wp\/v2\/pages"}],"about":[{"href":"https:\/\/dapinopamplona.es\/en\/wp-json\/wp\/v2\/types\/page"}],"author":[{"embeddable":true,"href":"https:\/\/dapinopamplona.es\/en\/wp-json\/wp\/v2\/users\/273162242"}],"replies":[{"embeddable":true,"href":"https:\/\/dapinopamplona.es\/en\/wp-json\/wp\/v2\/comments?post=964"}],"version-history":[{"count":9,"href":"https:\/\/dapinopamplona.es\/en\/wp-json\/wp\/v2\/pages\/964\/revisions"}],"predecessor-version":[{"id":1003,"href":"https:\/\/dapinopamplona.es\/en\/wp-json\/wp\/v2\/pages\/964\/revisions\/1003"}],"wp:attachment":[{"href":"https:\/\/dapinopamplona.es\/en\/wp-json\/wp\/v2\/media?parent=964"}],"curies":[{"name":"wp","href":"https:\/\/api.w.org\/{rel}","templated":true}]}}